{"id":3588,"date":"2026-01-03T09:55:51","date_gmt":"2026-01-03T08:55:51","guid":{"rendered":"https:\/\/www.espace-sante-bersim.fr\/?page_id=3588"},"modified":"2026-01-03T14:34:38","modified_gmt":"2026-01-03T13:34:38","slug":"orthopedagogue-uriell-ozenne","status":"publish","type":"page","link":"https:\/\/www.espace-sante-bersim.fr\/index.php\/orthopedagogue-uriell-ozenne\/","title":{"rendered":"Orthop\u00e9dagogue &#8211; Uriell OZENNE"},"content":{"rendered":"\n<p class=\"has-medium-font-size\"><strong>Mme Uriell OZENNE<\/strong> <\/p>\n\n\n\n<p><img loading=\"lazy\" decoding=\"async\" width=\"1999\" height=\"875\" class=\"wp-image-3623\" style=\"width: 1000px\" src=\"https:\/\/www.espace-sante-bersim.fr\/wp-content\/uploads\/2026\/01\/logo-bersim-2.png\" alt=\"\" srcset=\"https:\/\/www.espace-sante-bersim.fr\/wp-content\/uploads\/2026\/01\/logo-bersim-2.png 1999w, https:\/\/www.espace-sante-bersim.fr\/wp-content\/uploads\/2026\/01\/logo-bersim-2-300x131.png 300w, https:\/\/www.espace-sante-bersim.fr\/wp-content\/uploads\/2026\/01\/logo-bersim-2-1024x448.png 1024w, https:\/\/www.espace-sante-bersim.fr\/wp-content\/uploads\/2026\/01\/logo-bersim-2-768x336.png 768w, https:\/\/www.espace-sante-bersim.fr\/wp-content\/uploads\/2026\/01\/logo-bersim-2-1536x672.png 1536w\" sizes=\"auto, (max-width: 1999px) 100vw, 1999px\" \/><\/p>\n\n\n\n<div class=\"wp-block-group\"><div class=\"wp-block-group__inner-container is-layout-constrained wp-block-group-is-layout-constrained\">\n<p class=\"has-medium-font-size\">Sur rendez-vous les mardis et jeudis apr\u00e8s-midi, ainsi que les mercredis matins.<\/p>\n<\/div><\/div>\n\n\n\n<p>Pour \u00e9changer ou obtenir des informations, n\u2019h\u00e9sitez pas \u00e0 m\u2019appeler au 06.81.84.18.93. Je serai ravie de r\u00e9pondre \u00e0 vos questions sur mon accompagnement en orthop\u00e9dagogie et, si vous le souhaitez, de convenir d\u2019un rendez-vous au cabinet.<\/p>\n\n\n\n<div class=\"wp-block-columns are-vertically-aligned-center is-layout-flex wp-container-core-columns-is-layout-9d6595d7 wp-block-columns-is-layout-flex\">\n<div class=\"wp-block-column is-vertically-aligned-center is-layout-flow wp-block-column-is-layout-flow\" style=\"flex-basis:100%\">\n<div class=\"wp-block-group is-nowrap is-layout-flex wp-container-core-group-is-layout-ad2f72ca wp-block-group-is-layout-flex\">\n<div class=\"wp-block-columns is-not-stacked-on-mobile is-layout-flex wp-container-core-columns-is-layout-9d6595d7 wp-block-columns-is-layout-flex\">\n<div class=\"wp-block-column is-vertically-aligned-stretch is-layout-flow wp-block-column-is-layout-flow\" style=\"flex-basis:25%\">\n<p><strong><img loading=\"lazy\" decoding=\"async\" width=\"47\" height=\"59\" class=\"wp-image-3627\" style=\"width: 40px\" src=\"https:\/\/www.espace-sante-bersim.fr\/wp-content\/uploads\/2026\/01\/Capture-decran-2026-01-03-121623.png\" alt=\"\"><\/strong>          <\/p>\n<\/div>\n\n\n\n<div class=\"wp-block-column is-vertically-aligned-center is-layout-flow wp-block-column-is-layout-flow\" style=\"flex-basis:95%\">\n<p class=\"has-medium-font-size\">06.81.84.18.93.<\/p>\n<\/div>\n<\/div>\n<\/div>\n<\/div>\n<\/div>\n\n\n\n<div class=\"wp-block-columns is-layout-flex wp-container-core-columns-is-layout-9d6595d7 wp-block-columns-is-layout-flex\">\n<div class=\"wp-block-column is-vertically-aligned-stretch is-layout-flow wp-block-column-is-layout-flow\" style=\"flex-basis:3%\">\n<figure class=\"wp-block-gallery has-nested-images columns-default is-cropped wp-block-gallery-1 is-layout-flex wp-block-gallery-is-layout-flex\"><div class=\"wp-block-image is-style-default\">\n<figure class=\"alignleft size-large\"><img loading=\"lazy\" decoding=\"async\" width=\"45\" height=\"44\" data-id=\"3628\" src=\"https:\/\/www.espace-sante-bersim.fr\/wp-content\/uploads\/2026\/01\/Capture-decran-2026-01-03-121635.png\" alt=\"\" class=\"wp-image-3628\" \/><\/figure>\n<\/div><\/figure>\n<\/div>\n\n\n\n<div class=\"wp-block-column is-vertically-aligned-center has-medium-font-size is-layout-flow wp-block-column-is-layout-flow\" style=\"flex-basis:95%\">\n<p><a href=\"mailto:uriell.ozenne@sfr.fr\">uriell.ozenne@sfr.fr<\/a><\/p>\n<\/div>\n<\/div>\n\n\n\n<p>Site internet : <a href=\"https:\/\/orthopedagogie-normandie.fr\" target=\"_blank\" rel=\"noreferrer noopener\">https:\/\/orthopedagogie-normandie.fr<\/a> (La page <mark class=\"has-inline-color has-vivid-green-cyan-color\">Prendre un rendez-vous<\/mark> est en construction, privil\u00e9giez le t\u00e9l\u00e9phone)<\/p>\n\n\n\n<p><\/p>\n","protected":false},"excerpt":{"rendered":"<p>Mme Uriell OZENNE Sur rendez-vous les mardis et jeudis apr\u00e8s-midi, ainsi que les mercredis matins. Pour \u00e9changer ou obtenir des informations, n\u2019h\u00e9sitez pas \u00e0 m\u2019appeler au 06.81.84.18.93. Je serai ravie de r\u00e9pondre \u00e0 vos questions sur mon accompagnement en orthop\u00e9dagogie et, si vous le souhaitez, de convenir d\u2019un rendez-vous au cabinet. 06.81.84.18.93. uriell.ozenne@sfr.fr Site internet [&hellip;]<\/p>\n","protected":false},"author":20,"featured_media":3623,"parent":0,"menu_order":0,"comment_status":"closed","ping_status":"closed","template":"","meta":{"footnotes":""},"class_list":["post-3588","page","type-page","status-publish","has-post-thumbnail","hentry"],"_links":{"self":[{"href":"https:\/\/www.espace-sante-bersim.fr\/index.php\/wp-json\/wp\/v2\/pages\/3588","targetHints":{"allow":["GET"]}}],"collection":[{"href":"https:\/\/www.espace-sante-bersim.fr\/index.php\/wp-json\/wp\/v2\/pages"}],"about":[{"href":"https:\/\/www.espace-sante-bersim.fr\/index.php\/wp-json\/wp\/v2\/types\/page"}],"author":[{"embeddable":true,"href":"https:\/\/www.espace-sante-bersim.fr\/index.php\/wp-json\/wp\/v2\/users\/20"}],"replies":[{"embeddable":true,"href":"https:\/\/www.espace-sante-bersim.fr\/index.php\/wp-json\/wp\/v2\/comments?post=3588"}],"version-history":[{"count":36,"href":"https:\/\/www.espace-sante-bersim.fr\/index.php\/wp-json\/wp\/v2\/pages\/3588\/revisions"}],"predecessor-version":[{"id":3673,"href":"https:\/\/www.espace-sante-bersim.fr\/index.php\/wp-json\/wp\/v2\/pages\/3588\/revisions\/3673"}],"wp:featuredmedia":[{"embeddable":true,"href":"https:\/\/www.espace-sante-bersim.fr\/index.php\/wp-json\/wp\/v2\/media\/3623"}],"wp:attachment":[{"href":"https:\/\/www.espace-sante-bersim.fr\/index.php\/wp-json\/wp\/v2\/media?parent=3588"}],"curies":[{"name":"wp","href":"https:\/\/api.w.org\/{rel}","templated":true}]}}