{"id":3613,"date":"2026-01-03T11:51:44","date_gmt":"2026-01-03T10:51:44","guid":{"rendered":"https:\/\/www.espace-sante-bersim.fr\/?page_id=3613"},"modified":"2026-01-09T11:43:25","modified_gmt":"2026-01-09T10:43:25","slug":"art-therapeute-delphine-deinieau","status":"publish","type":"page","link":"https:\/\/www.espace-sante-bersim.fr\/index.php\/art-therapeute-delphine-deinieau\/","title":{"rendered":"Art-Th\u00e9rapeute &#8211; Delphine DEINIEAU"},"content":{"rendered":"\n<h1 class=\"wp-block-heading has-text-align-center\">Art-Th\u00e9rapeute &#8211; Delphine DEINIEAU<\/h1>\n\n\n\n<p><\/p>\n\n\n\n<figure class=\"wp-block-image size-large\"><img loading=\"lazy\" decoding=\"async\" width=\"1024\" height=\"726\" src=\"https:\/\/www.espace-sante-bersim.fr\/wp-content\/uploads\/2026\/01\/BERSIM-2-1024x726.png\" alt=\"\" class=\"wp-image-3687\" srcset=\"https:\/\/www.espace-sante-bersim.fr\/wp-content\/uploads\/2026\/01\/BERSIM-2-1024x726.png 1024w, https:\/\/www.espace-sante-bersim.fr\/wp-content\/uploads\/2026\/01\/BERSIM-2-300x213.png 300w, https:\/\/www.espace-sante-bersim.fr\/wp-content\/uploads\/2026\/01\/BERSIM-2-768x545.png 768w, https:\/\/www.espace-sante-bersim.fr\/wp-content\/uploads\/2026\/01\/BERSIM-2-1536x1090.png 1536w, https:\/\/www.espace-sante-bersim.fr\/wp-content\/uploads\/2026\/01\/BERSIM-2.png 1748w\" sizes=\"auto, (max-width: 1024px) 100vw, 1024px\" \/><\/figure>\n\n\n\n<p>S\u00e9ances sur rendez-vous les mercredis apr\u00e8s-midi, vendredis et samedis en journ\u00e9e. N\u2019h\u00e9sitez pas \u00e0 me contacter pour toute information ou prise de rendez-vous.<\/p>\n\n\n\n<p>06.09.55.85.19 &#8211; <a href=\"mailto:vibr.art27@gmail.com\" target=\"_blank\" rel=\"noreferrer noopener\">vibr.art27@gmail.com<\/a><\/p>\n\n\n\n<p>Pour mieux comprendre l&#8217;art-th\u00e9rapie, venez d\u00e9couvrir mon site : <a href=\"https:\/\/vibrart-therapie.my.canva.site\" target=\"_blank\" rel=\"noreferrer noopener\">https:\/\/vibrart-therapie.my.canva.site<\/a><\/p>\n\n\n\n<p><\/p>\n\n\n\n<p><\/p>\n\n\n\n<p><\/p>\n","protected":false},"excerpt":{"rendered":"<p>Art-Th\u00e9rapeute &#8211; Delphine DEINIEAU S\u00e9ances sur rendez-vous les mercredis apr\u00e8s-midi, vendredis et samedis en journ\u00e9e. N\u2019h\u00e9sitez pas \u00e0 me contacter pour toute information ou prise de rendez-vous. 06.09.55.85.19 &#8211; vibr.art27@gmail.com Pour mieux comprendre l&#8217;art-th\u00e9rapie, venez d\u00e9couvrir mon site : https:\/\/vibrart-therapie.my.canva.site<\/p>\n","protected":false},"author":21,"featured_media":0,"parent":0,"menu_order":0,"comment_status":"closed","ping_status":"closed","template":"","meta":{"footnotes":""},"class_list":["post-3613","page","type-page","status-publish","hentry"],"_links":{"self":[{"href":"https:\/\/www.espace-sante-bersim.fr\/index.php\/wp-json\/wp\/v2\/pages\/3613","targetHints":{"allow":["GET"]}}],"collection":[{"href":"https:\/\/www.espace-sante-bersim.fr\/index.php\/wp-json\/wp\/v2\/pages"}],"about":[{"href":"https:\/\/www.espace-sante-bersim.fr\/index.php\/wp-json\/wp\/v2\/types\/page"}],"author":[{"embeddable":true,"href":"https:\/\/www.espace-sante-bersim.fr\/index.php\/wp-json\/wp\/v2\/users\/21"}],"replies":[{"embeddable":true,"href":"https:\/\/www.espace-sante-bersim.fr\/index.php\/wp-json\/wp\/v2\/comments?post=3613"}],"version-history":[{"count":8,"href":"https:\/\/www.espace-sante-bersim.fr\/index.php\/wp-json\/wp\/v2\/pages\/3613\/revisions"}],"predecessor-version":[{"id":3691,"href":"https:\/\/www.espace-sante-bersim.fr\/index.php\/wp-json\/wp\/v2\/pages\/3613\/revisions\/3691"}],"wp:attachment":[{"href":"https:\/\/www.espace-sante-bersim.fr\/index.php\/wp-json\/wp\/v2\/media?parent=3613"}],"curies":[{"name":"wp","href":"https:\/\/api.w.org\/{rel}","templated":true}]}}